{"id":926,"date":"2023-09-02T19:39:37","date_gmt":"2023-09-02T22:39:37","guid":{"rendered":"https:\/\/brindes.personalsolucoes.com.br\/?page_id=926"},"modified":"2023-09-02T19:44:34","modified_gmt":"2023-09-02T22:44:34","slug":"mala-de-viagem-pequena-em-abs-mala600","status":"publish","type":"page","link":"https:\/\/brindes.personalsolucoes.com.br\/index.php\/mala-de-viagem-pequena-em-abs-mala600\/","title":{"rendered":"Mala de bordo &#8211; MALA600"},"content":{"rendered":"\t\t<div data-elementor-type=\"wp-page\" data-elementor-id=\"926\" class=\"elementor elementor-926\">\n\t\t\t\t\t\t\t\t\t<section class=\"elementor-section elementor-top-section elementor-element elementor-element-3b6bf904 elementor-section-boxed elementor-section-height-default elementor-section-height-default\" data-id=\"3b6bf904\" data-element_type=\"section\">\n\t\t\t\t\t\t<div class=\"elementor-container elementor-column-gap-default\">\n\t\t\t\t\t<div class=\"elementor-column elementor-col-100 elementor-top-column elementor-element elementor-element-3fd92a61\" data-id=\"3fd92a61\" data-element_type=\"column\">\n\t\t\t<div class=\"elementor-widget-wrap elementor-element-populated\">\n\t\t\t\t\t\t\t\t<div class=\"elementor-element elementor-element-246ab38e elementor-widget elementor-widget-heading\" data-id=\"246ab38e\" data-element_type=\"widget\" data-widget_type=\"heading.default\">\n\t\t\t\t<div class=\"elementor-widget-container\">\n\t\t\t<style>\/*! elementor - v3.6.1 - 23-03-2022 *\/\n.elementor-heading-title{padding:0;margin:0;line-height:1}.elementor-widget-heading .elementor-heading-title[class*=elementor-size-]>a{color:inherit;font-size:inherit;line-height:inherit}.elementor-widget-heading .elementor-heading-title.elementor-size-small{font-size:15px}.elementor-widget-heading .elementor-heading-title.elementor-size-medium{font-size:19px}.elementor-widget-heading .elementor-heading-title.elementor-size-large{font-size:29px}.elementor-widget-heading .elementor-heading-title.elementor-size-xl{font-size:39px}.elementor-widget-heading .elementor-heading-title.elementor-size-xxl{font-size:59px}<\/style><h2 class=\"elementor-heading-title elementor-size-default\">Mala de bordo<\/h2>\t\t<\/div>\n\t\t\t\t<\/div>\n\t\t\t\t\t<\/div>\n\t\t<\/div>\n\t\t\t\t\t\t\t<\/div>\n\t\t<\/section>\n\t\t\t\t<section class=\"elementor-section elementor-top-section elementor-element elementor-element-2397be elementor-section-boxed elementor-section-height-default elementor-section-height-default\" data-id=\"2397be\" data-element_type=\"section\">\n\t\t\t\t\t\t<div class=\"elementor-container elementor-column-gap-default\">\n\t\t\t\t\t<div class=\"elementor-column elementor-col-50 elementor-top-column elementor-element elementor-element-43c9acc1\" data-id=\"43c9acc1\" data-element_type=\"column\">\n\t\t\t<div class=\"elementor-widget-wrap elementor-element-populated\">\n\t\t\t\t\t\t\t\t<div class=\"elementor-element elementor-element-48a30754 elementor-widget elementor-widget-gallery\" data-id=\"48a30754\" data-element_type=\"widget\" data-settings=\"{&quot;gallery_layout&quot;:&quot;masonry&quot;,&quot;gap&quot;:{&quot;unit&quot;:&quot;px&quot;,&quot;size&quot;:4,&quot;sizes&quot;:[]},&quot;lazyload&quot;:&quot;yes&quot;,&quot;columns&quot;:4,&quot;columns_tablet&quot;:2,&quot;columns_mobile&quot;:1,&quot;gap_tablet&quot;:{&quot;unit&quot;:&quot;px&quot;,&quot;size&quot;:10,&quot;sizes&quot;:[]},&quot;gap_mobile&quot;:{&quot;unit&quot;:&quot;px&quot;,&quot;size&quot;:10,&quot;sizes&quot;:[]},&quot;link_to&quot;:&quot;file&quot;,&quot;overlay_background&quot;:&quot;yes&quot;,&quot;content_hover_animation&quot;:&quot;fade-in&quot;}\" data-widget_type=\"gallery.default\">\n\t\t\t\t<div class=\"elementor-widget-container\">\n\t\t\t<style>\/*! elementor-pro - v3.6.4 - 15-03-2022 *\/\n.elementor-gallery__container{min-height:1px}.elementor-gallery-item{position:relative;overflow:hidden;display:block;text-decoration:none;border:solid var(--image-border-width) var(--image-border-color);border-radius:var(--image-border-radius)}.elementor-gallery-item__content,.elementor-gallery-item__overlay{height:100%;width:100%;position:absolute;top:0;left:0}.elementor-gallery-item__overlay{mix-blend-mode:var(--overlay-mix-blend-mode);-webkit-transition-duration:var(--overlay-transition-duration);-o-transition-duration:var(--overlay-transition-duration);transition-duration:var(--overlay-transition-duration);-webkit-transition-property:mix-blend-mode,opacity,background-color,-webkit-transform;transition-property:mix-blend-mode,opacity,background-color,-webkit-transform;-o-transition-property:mix-blend-mode,transform,opacity,background-color;transition-property:mix-blend-mode,transform,opacity,background-color;transition-property:mix-blend-mode,transform,opacity,background-color,-webkit-transform}.elementor-gallery-item__image.e-gallery-image{-webkit-transition-duration:var(--image-transition-duration);-o-transition-duration:var(--image-transition-duration);transition-duration:var(--image-transition-duration);-webkit-transition-property:-webkit-filter,-webkit-transform;transition-property:-webkit-filter,-webkit-transform;-o-transition-property:filter,transform;transition-property:filter,transform;transition-property:filter,transform,-webkit-filter,-webkit-transform}.elementor-gallery-item__content{display:-webkit-box;display:-ms-flexbox;display:flex;-webkit-box-orient:vertical;-webkit-box-direction:normal;-ms-flex-direction:column;flex-direction:column;-webkit-box-pack:var(--content-justify-content,center);-ms-flex-pack:var(--content-justify-content,center);justify-content:var(--content-justify-content,center);-webkit-box-align:center;-ms-flex-align:center;align-items:center;text-align:var(--content-text-align);padding:var(--content-padding)}.elementor-gallery-item__content>div{-webkit-transition-duration:var(--content-transition-duration);-o-transition-duration:var(--content-transition-duration);transition-duration:var(--content-transition-duration)}.elementor-gallery-item__content.elementor-gallery--sequenced-animation>div:nth-child(2){-webkit-transition-delay:calc((var(--content-transition-delay) \/ 3));-o-transition-delay:calc((var(--content-transition-delay) \/ 3));transition-delay:calc((var(--content-transition-delay) \/ 3))}.elementor-gallery-item__content.elementor-gallery--sequenced-animation>div:nth-child(3){-webkit-transition-delay:calc((var(--content-transition-delay) \/ 3) * 2);-o-transition-delay:calc((var(--content-transition-delay) \/ 3) * 2);transition-delay:calc((var(--content-transition-delay) \/ 3) * 2)}.elementor-gallery-item__content.elementor-gallery--sequenced-animation>div:nth-child(4){-webkit-transition-delay:calc((var(--content-transition-delay) \/ 3) * 3);-o-transition-delay:calc((var(--content-transition-delay) \/ 3) * 3);transition-delay:calc((var(--content-transition-delay) \/ 3) * 3)}.elementor-gallery-item__description{color:var(--description-text-color,#fff);width:100%}.elementor-gallery-item__title{color:var(--title-text-color,#fff);font-weight:700;width:100%}.elementor-gallery__titles-container{display:-webkit-box;display:-ms-flexbox;display:flex;-ms-flex-wrap:wrap;flex-wrap:wrap;-webkit-box-pack:var(--titles-container-justify-content,center);-ms-flex-pack:var(--titles-container-justify-content,center);justify-content:var(--titles-container-justify-content,center);margin-bottom:20px}.elementor-gallery__titles-container:not(.e--pointer-framed) .elementor-item:after,.elementor-gallery__titles-container:not(.e--pointer-framed) .elementor-item:before{background-color:var(--galleries-pointer-bg-color-hover)}.elementor-gallery__titles-container:not(.e--pointer-framed) .elementor-item.elementor-item-active:after,.elementor-gallery__titles-container:not(.e--pointer-framed) .elementor-item.elementor-item-active:before{background-color:var(--galleries-pointer-bg-color-active)}.elementor-gallery__titles-container.e--pointer-framed .elementor-item:before{border-color:var(--galleries-pointer-bg-color-hover);border-width:var(--galleries-pointer-border-width)}.elementor-gallery__titles-container.e--pointer-framed .elementor-item:after{border-color:var(--galleries-pointer-bg-color-hover)}.elementor-gallery__titles-container.e--pointer-framed .elementor-item.elementor-item-active:after,.elementor-gallery__titles-container.e--pointer-framed .elementor-item.elementor-item-active:before{border-color:var(--galleries-pointer-bg-color-active)}.elementor-gallery__titles-container.e--pointer-framed.e--animation-draw .elementor-item:before{border-left-width:var(--galleries-pointer-border-width);border-bottom-width:var(--galleries-pointer-border-width);border-right-width:0;border-top-width:0}.elementor-gallery__titles-container.e--pointer-framed.e--animation-draw .elementor-item:after{border-left-width:0;border-bottom-width:0;border-right-width:var(--galleries-pointer-border-width);border-top-width:var(--galleries-pointer-border-width)}.elementor-gallery__titles-container.e--pointer-framed.e--animation-corners .elementor-item:before{border-left-width:var(--galleries-pointer-border-width);border-bottom-width:0;border-right-width:0;border-top-width:var(--galleries-pointer-border-width)}.elementor-gallery__titles-container.e--pointer-framed.e--animation-corners .elementor-item:after{border-left-width:0;border-bottom-width:var(--galleries-pointer-border-width);border-right-width:var(--galleries-pointer-border-width);border-top-width:0}.elementor-gallery__titles-container .e--pointer-double-line .elementor-item:after,.elementor-gallery__titles-container .e--pointer-double-line .elementor-item:before,.elementor-gallery__titles-container .e--pointer-overline .elementor-item:before,.elementor-gallery__titles-container .e--pointer-underline .elementor-item:after{height:var(--galleries-pointer-border-width)}.elementor-gallery-title{--space-between:10px;cursor:pointer;color:#6d7882;font-weight:500;position:relative;padding:7px 14px;-webkit-transition:all .3s;-o-transition:all .3s;transition:all .3s}.elementor-gallery-title--active{color:#495157}.elementor-gallery-title:not(:last-child){margin-right:var(--space-between)}.elementor-gallery-item__title+.elementor-gallery-item__description{margin-top:var(--description-margin-top)}.e-gallery-item.elementor-gallery-item{-webkit-transition-property:all;-o-transition-property:all;transition-property:all}.e-gallery-item.elementor-animated-content .elementor-animated-item--enter-from-bottom,.e-gallery-item.elementor-animated-content .elementor-animated-item--enter-from-left,.e-gallery-item.elementor-animated-content .elementor-animated-item--enter-from-right,.e-gallery-item.elementor-animated-content .elementor-animated-item--enter-from-top,.e-gallery-item:hover .elementor-gallery__item-overlay-bg,.e-gallery-item:hover .elementor-gallery__item-overlay-content,.e-gallery-item:hover .elementor-gallery__item-overlay-content__description,.e-gallery-item:hover .elementor-gallery__item-overlay-content__title{opacity:1}a.elementor-item.elementor-gallery-title{color:var(--galleries-title-color-normal)}a.elementor-item.elementor-gallery-title.elementor-item-active,a.elementor-item.elementor-gallery-title.highlighted,a.elementor-item.elementor-gallery-title:focus,a.elementor-item.elementor-gallery-title:hover{color:var(--galleries-title-color-hover)}a.elementor-item.elementor-gallery-title.elementor-item-active{color:var(--gallery-title-color-active)}<\/style>\t\t<div class=\"elementor-gallery__container\">\n\t\t\t\t\t\t\t<a class=\"e-gallery-item elementor-gallery-item elementor-animated-content\" href=\"https:\/\/brindes.personalsolucoes.com.br\/wp-content\/uploads\/2023\/09\/mala-viagem-pequena-5d0cd182e24ada1b3c075532d7a0128098f7bb16-1.jpg\" data-elementor-open-lightbox=\"yes\" data-elementor-lightbox-slideshow=\"all-48a30754\" data-elementor-lightbox-title=\"mala-viagem-pequena-5d0cd182e24ada1b3c075532d7a0128098f7bb16\" e-action-hash=\"#elementor-action%3Aaction%3Dlightbox%26settings%3DeyJpZCI6OTI4LCJ1cmwiOiJodHRwczpcL1wvYnJpbmRlcy5wZXJzb25hbHNvbHVjb2VzLmNvbS5iclwvd3AtY29udGVudFwvdXBsb2Fkc1wvMjAyM1wvMDlcL21hbGEtdmlhZ2VtLXBlcXVlbmEtNWQwY2QxODJlMjRhZGExYjNjMDc1NTMyZDdhMDEyODA5OGY3YmIxNi0xLmpwZyIsInNsaWRlc2hvdyI6ImFsbC00OGEzMDc1NCJ9\">\n\t\t\t\t\t<div class=\"e-gallery-image elementor-gallery-item__image\" data-thumbnail=\"https:\/\/brindes.personalsolucoes.com.br\/wp-content\/uploads\/2023\/09\/mala-viagem-pequena-5d0cd182e24ada1b3c075532d7a0128098f7bb16-1-300x300.jpg\" data-width=\"300\" data-height=\"300\" alt=\"\" ><\/div>\n\t\t\t\t\t\t\t\t\t\t\t<div class=\"elementor-gallery-item__overlay\"><\/div>\n\t\t\t\t\t\t\t\t\t\t\t\t\t\t<\/a>\n\t\t\t\t\t\t\t<a class=\"e-gallery-item elementor-gallery-item elementor-animated-content\" href=\"https:\/\/brindes.personalsolucoes.com.br\/wp-content\/uploads\/2023\/09\/Mala-Viagem-Pequena-AZUL-2126d1-1639480181.png\" data-elementor-open-lightbox=\"yes\" data-elementor-lightbox-slideshow=\"all-48a30754\" data-elementor-lightbox-title=\"Mala-Viagem-Pequena-AZUL-2126d1-1639480181\" e-action-hash=\"#elementor-action%3Aaction%3Dlightbox%26settings%3DeyJpZCI6OTM1LCJ1cmwiOiJodHRwczpcL1wvYnJpbmRlcy5wZXJzb25hbHNvbHVjb2VzLmNvbS5iclwvd3AtY29udGVudFwvdXBsb2Fkc1wvMjAyM1wvMDlcL01hbGEtVmlhZ2VtLVBlcXVlbmEtQVpVTC0yMTI2ZDEtMTYzOTQ4MDE4MS5wbmciLCJzbGlkZXNob3ciOiJhbGwtNDhhMzA3NTQifQ%3D%3D\">\n\t\t\t\t\t<div class=\"e-gallery-image elementor-gallery-item__image\" data-thumbnail=\"https:\/\/brindes.personalsolucoes.com.br\/wp-content\/uploads\/2023\/09\/Mala-Viagem-Pequena-AZUL-2126d1-1639480181-300x300.png\" data-width=\"300\" data-height=\"300\" alt=\"\" ><\/div>\n\t\t\t\t\t\t\t\t\t\t\t<div class=\"elementor-gallery-item__overlay\"><\/div>\n\t\t\t\t\t\t\t\t\t\t\t\t\t\t<\/a>\n\t\t\t\t\t\t\t<a class=\"e-gallery-item elementor-gallery-item elementor-animated-content\" href=\"https:\/\/brindes.personalsolucoes.com.br\/wp-content\/uploads\/2023\/09\/Mala-Viagem-Pequena-CINZA-2164-1639763533.png\" data-elementor-open-lightbox=\"yes\" data-elementor-lightbox-slideshow=\"all-48a30754\" data-elementor-lightbox-title=\"Mala-Viagem-Pequena-CINZA-2164-1639763533\" e-action-hash=\"#elementor-action%3Aaction%3Dlightbox%26settings%3DeyJpZCI6OTM2LCJ1cmwiOiJodHRwczpcL1wvYnJpbmRlcy5wZXJzb25hbHNvbHVjb2VzLmNvbS5iclwvd3AtY29udGVudFwvdXBsb2Fkc1wvMjAyM1wvMDlcL01hbGEtVmlhZ2VtLVBlcXVlbmEtQ0lOWkEtMjE2NC0xNjM5NzYzNTMzLnBuZyIsInNsaWRlc2hvdyI6ImFsbC00OGEzMDc1NCJ9\">\n\t\t\t\t\t<div class=\"e-gallery-image elementor-gallery-item__image\" data-thumbnail=\"https:\/\/brindes.personalsolucoes.com.br\/wp-content\/uploads\/2023\/09\/Mala-Viagem-Pequena-CINZA-2164-1639763533-300x300.png\" data-width=\"300\" data-height=\"300\" alt=\"\" ><\/div>\n\t\t\t\t\t\t\t\t\t\t\t<div class=\"elementor-gallery-item__overlay\"><\/div>\n\t\t\t\t\t\t\t\t\t\t\t\t\t\t<\/a>\n\t\t\t\t\t\t\t<a class=\"e-gallery-item elementor-gallery-item elementor-animated-content\" href=\"https:\/\/brindes.personalsolucoes.com.br\/wp-content\/uploads\/2023\/09\/Mala-Viagem-Pequena-1119-1531701318.png\" data-elementor-open-lightbox=\"yes\" data-elementor-lightbox-slideshow=\"all-48a30754\" data-elementor-lightbox-title=\"Mala-Viagem-Pequena-1119-1531701318\" e-action-hash=\"#elementor-action%3Aaction%3Dlightbox%26settings%3DeyJpZCI6OTM3LCJ1cmwiOiJodHRwczpcL1wvYnJpbmRlcy5wZXJzb25hbHNvbHVjb2VzLmNvbS5iclwvd3AtY29udGVudFwvdXBsb2Fkc1wvMjAyM1wvMDlcL01hbGEtVmlhZ2VtLVBlcXVlbmEtMTExOS0xNTMxNzAxMzE4LnBuZyIsInNsaWRlc2hvdyI6ImFsbC00OGEzMDc1NCJ9\">\n\t\t\t\t\t<div class=\"e-gallery-image elementor-gallery-item__image\" data-thumbnail=\"https:\/\/brindes.personalsolucoes.com.br\/wp-content\/uploads\/2023\/09\/Mala-Viagem-Pequena-1119-1531701318-300x300.png\" data-width=\"300\" data-height=\"300\" alt=\"\" ><\/div>\n\t\t\t\t\t\t\t\t\t\t\t<div class=\"elementor-gallery-item__overlay\"><\/div>\n\t\t\t\t\t\t\t\t\t\t\t\t\t\t<\/a>\n\t\t\t\t\t\t\t<a class=\"e-gallery-item elementor-gallery-item elementor-animated-content\" href=\"https:\/\/brindes.personalsolucoes.com.br\/wp-content\/uploads\/2023\/09\/Mala-Viagem-Pequena-1119d1-1531272800.png\" data-elementor-open-lightbox=\"yes\" data-elementor-lightbox-slideshow=\"all-48a30754\" data-elementor-lightbox-title=\"Mala-Viagem-Pequena-1119d1-1531272800\" e-action-hash=\"#elementor-action%3Aaction%3Dlightbox%26settings%3DeyJpZCI6OTM4LCJ1cmwiOiJodHRwczpcL1wvYnJpbmRlcy5wZXJzb25hbHNvbHVjb2VzLmNvbS5iclwvd3AtY29udGVudFwvdXBsb2Fkc1wvMjAyM1wvMDlcL01hbGEtVmlhZ2VtLVBlcXVlbmEtMTExOWQxLTE1MzEyNzI4MDAucG5nIiwic2xpZGVzaG93IjoiYWxsLTQ4YTMwNzU0In0%3D\">\n\t\t\t\t\t<div class=\"e-gallery-image elementor-gallery-item__image\" data-thumbnail=\"https:\/\/brindes.personalsolucoes.com.br\/wp-content\/uploads\/2023\/09\/Mala-Viagem-Pequena-1119d1-1531272800-300x300.png\" data-width=\"300\" data-height=\"300\" alt=\"\" ><\/div>\n\t\t\t\t\t\t\t\t\t\t\t<div class=\"elementor-gallery-item__overlay\"><\/div>\n\t\t\t\t\t\t\t\t\t\t\t\t\t\t<\/a>\n\t\t\t\t\t\t\t<a class=\"e-gallery-item elementor-gallery-item elementor-animated-content\" href=\"https:\/\/brindes.personalsolucoes.com.br\/wp-content\/uploads\/2023\/09\/Mala-Viagem-Pequena-AZUL-2126-1639480252.png\" data-elementor-open-lightbox=\"yes\" data-elementor-lightbox-slideshow=\"all-48a30754\" data-elementor-lightbox-title=\"Mala-Viagem-Pequena-AZUL-2126-1639480252\" e-action-hash=\"#elementor-action%3Aaction%3Dlightbox%26settings%3DeyJpZCI6OTM5LCJ1cmwiOiJodHRwczpcL1wvYnJpbmRlcy5wZXJzb25hbHNvbHVjb2VzLmNvbS5iclwvd3AtY29udGVudFwvdXBsb2Fkc1wvMjAyM1wvMDlcL01hbGEtVmlhZ2VtLVBlcXVlbmEtQVpVTC0yMTI2LTE2Mzk0ODAyNTIucG5nIiwic2xpZGVzaG93IjoiYWxsLTQ4YTMwNzU0In0%3D\">\n\t\t\t\t\t<div class=\"e-gallery-image elementor-gallery-item__image\" data-thumbnail=\"https:\/\/brindes.personalsolucoes.com.br\/wp-content\/uploads\/2023\/09\/Mala-Viagem-Pequena-AZUL-2126-1639480252-300x300.png\" data-width=\"300\" data-height=\"300\" alt=\"\" ><\/div>\n\t\t\t\t\t\t\t\t\t\t\t<div class=\"elementor-gallery-item__overlay\"><\/div>\n\t\t\t\t\t\t\t\t\t\t\t\t\t\t<\/a>\n\t\t\t\t\t<\/div>\n\t\t\t<\/div>\n\t\t\t\t<\/div>\n\t\t\t\t\t<\/div>\n\t\t<\/div>\n\t\t\t\t<div class=\"elementor-column elementor-col-50 elementor-top-column elementor-element elementor-element-ef053cd\" data-id=\"ef053cd\" data-element_type=\"column\">\n\t\t\t<div class=\"elementor-widget-wrap elementor-element-populated\">\n\t\t\t\t\t\t\t\t<div class=\"elementor-element elementor-element-28688d45 elementor-widget elementor-widget-text-editor\" data-id=\"28688d45\" data-element_type=\"widget\" data-widget_type=\"text-editor.default\">\n\t\t\t\t<div class=\"elementor-widget-container\">\n\t\t\t<style>\/*! elementor - v3.6.1 - 23-03-2022 *\/\n.elementor-widget-text-editor.elementor-drop-cap-view-stacked .elementor-drop-cap{background-color:#818a91;color:#fff}.elementor-widget-text-editor.elementor-drop-cap-view-framed .elementor-drop-cap{color:#818a91;border:3px solid;background-color:transparent}.elementor-widget-text-editor:not(.elementor-drop-cap-view-default) .elementor-drop-cap{margin-top:8px}.elementor-widget-text-editor:not(.elementor-drop-cap-view-default) .elementor-drop-cap-letter{width:1em;height:1em}.elementor-widget-text-editor .elementor-drop-cap{float:left;text-align:center;line-height:1;font-size:50px}.elementor-widget-text-editor .elementor-drop-cap-letter{display:inline-block}<\/style>\t\t\t\t<p>REF: MALA600<\/p>\t\t\t\t\t\t<\/div>\n\t\t\t\t<\/div>\n\t\t\t\t<div class=\"elementor-element elementor-element-72d11890 elementor-widget elementor-widget-text-editor\" data-id=\"72d11890\" data-element_type=\"widget\" data-widget_type=\"text-editor.default\">\n\t\t\t\t<div class=\"elementor-widget-container\">\n\t\t\t\t\t\t\t<p>Mala viagem pequena em ABS (Estireno de acrilonitrilo e butadieno);<br \/>Forro poli\u00e9ster;<br \/>Sistema de carrinho de a\u00e7o;<br \/>Al\u00e7a de m\u00e3o na lateral e na parte superior;<br \/>Quatro rodas de 360 graus;<\/p>\t\t\t\t\t\t<\/div>\n\t\t\t\t<\/div>\n\t\t\t\t\t<\/div>\n\t\t<\/div>\n\t\t\t\t\t\t\t<\/div>\n\t\t<\/section>\n\t\t\t\t<section class=\"elementor-section elementor-top-section elementor-element elementor-element-6de50ddb elementor-section-boxed elementor-section-height-default elementor-section-height-default\" data-id=\"6de50ddb\" data-element_type=\"section\">\n\t\t\t\t\t\t<div class=\"elementor-container elementor-column-gap-default\">\n\t\t\t\t\t<div class=\"elementor-column elementor-col-100 elementor-top-column elementor-element elementor-element-7153f7d6\" data-id=\"7153f7d6\" data-element_type=\"column\">\n\t\t\t<div class=\"elementor-widget-wrap elementor-element-populated\">\n\t\t\t\t\t\t\t\t<div class=\"elementor-element elementor-element-59b13d1b elementor-widget elementor-widget-text-editor\" data-id=\"59b13d1b\" data-element_type=\"widget\" data-widget_type=\"text-editor.default\">\n\t\t\t\t<div class=\"elementor-widget-container\">\n\t\t\t\t\t\t\t<p>Altura: 48cm \/ Largura: 35cm \/ Profundidade: 22cm \/ Peso aproximado: 2,750Kg<br><\/p>\n<p>AZUL \/ PRETO \/ CINZA<br><\/p>\n<p>Medidas, peso e tonalidades podem variar pois o mesmo modelo \u00e9 produzido por diversos fabricantes.<\/p>\t\t\t\t\t\t<\/div>\n\t\t\t\t<\/div>\n\t\t\t\t\t<\/div>\n\t\t<\/div>\n\t\t\t\t\t\t\t<\/div>\n\t\t<\/section>\n\t\t\t\t<section class=\"elementor-section elementor-top-section elementor-element elementor-element-1baacd2c elementor-section-boxed elementor-section-height-default elementor-section-height-default\" data-id=\"1baacd2c\" data-element_type=\"section\">\n\t\t\t\t\t\t<div class=\"elementor-container elementor-column-gap-default\">\n\t\t\t\t\t<div class=\"elementor-column elementor-col-100 elementor-top-column elementor-element elementor-element-462550ec\" data-id=\"462550ec\" data-element_type=\"column\">\n\t\t\t<div class=\"elementor-widget-wrap elementor-element-populated\">\n\t\t\t\t\t\t\t\t<div class=\"elementor-element elementor-element-12b9adf0 elementor-align-center elementor-widget elementor-widget-button\" data-id=\"12b9adf0\" data-element_type=\"widget\" data-widget_type=\"button.default\">\n\t\t\t\t<div class=\"elementor-widget-container\">\n\t\t\t\t\t<div class=\"elementor-button-wrapper\">\n\t\t\t<a href=\"https:\/\/wa.me\/5511940481272\" target=\"_blank\" class=\"elementor-button-link elementor-button elementor-size-sm\" role=\"button\">\n\t\t\t\t\t\t<span class=\"elementor-button-content-wrapper\">\n\t\t\t\t\t\t<span class=\"elementor-button-text\">Solicitar or\u00e7amento<\/span>\n\t\t<\/span>\n\t\t\t\t\t<\/a>\n\t\t<\/div>\n\t\t\t\t<\/div>\n\t\t\t\t<\/div>\n\t\t\t\t\t<\/div>\n\t\t<\/div>\n\t\t\t\t\t\t\t<\/div>\n\t\t<\/section>\n\t\t\t\t\t\t\t<\/div>\n\t\t","protected":false},"excerpt":{"rendered":"<p>Mala de bordo REF: MALA600 Mala viagem pequena em ABS (Estireno de acrilonitrilo e butadieno);Forro poli\u00e9ster;Sistema de carrinho de a\u00e7o;Al\u00e7a de m\u00e3o na lateral e na parte superior;Quatro rodas de 360 graus; Altura: 48cm \/ Largura: 35cm \/ Profundidade: 22cm \/ Peso aproximado: 2,750Kg AZUL \/ PRETO \/ CINZA Medidas, peso e tonalidades podem variar [&hellip;]<\/p>\n","protected":false},"author":1,"featured_media":0,"parent":0,"menu_order":0,"comment_status":"closed","ping_status":"closed","template":"","meta":{"footnotes":""},"_links":{"self":[{"href":"https:\/\/brindes.personalsolucoes.com.br\/index.php\/wp-json\/wp\/v2\/pages\/926"}],"collection":[{"href":"https:\/\/brindes.personalsolucoes.com.br\/index.php\/wp-json\/wp\/v2\/pages"}],"about":[{"href":"https:\/\/brindes.personalsolucoes.com.br\/index.php\/wp-json\/wp\/v2\/types\/page"}],"author":[{"embeddable":true,"href":"https:\/\/brindes.personalsolucoes.com.br\/index.php\/wp-json\/wp\/v2\/users\/1"}],"replies":[{"embeddable":true,"href":"https:\/\/brindes.personalsolucoes.com.br\/index.php\/wp-json\/wp\/v2\/comments?post=926"}],"version-history":[{"count":5,"href":"https:\/\/brindes.personalsolucoes.com.br\/index.php\/wp-json\/wp\/v2\/pages\/926\/revisions"}],"predecessor-version":[{"id":942,"href":"https:\/\/brindes.personalsolucoes.com.br\/index.php\/wp-json\/wp\/v2\/pages\/926\/revisions\/942"}],"wp:attachment":[{"href":"https:\/\/brindes.personalsolucoes.com.br\/index.php\/wp-json\/wp\/v2\/media?parent=926"}],"curies":[{"name":"wp","href":"https:\/\/api.w.org\/{rel}","templated":true}]}}